{"id":32,"date":"2017-08-15T04:53:50","date_gmt":"2017-08-15T03:53:50","guid":{"rendered":"http:\/\/7uptheme.com\/wordpress\/handmade\/?page_id=32"},"modified":"2024-09-20T13:33:10","modified_gmt":"2024-09-20T11:33:10","slug":"o-nama","status":"publish","type":"page","link":"https:\/\/naturdepil.hr\/en\/o-nama\/","title":{"rendered":"About us"},"content":{"rendered":"<div data-elementor-type=\"wp-page\" data-elementor-id=\"32\" class=\"elementor elementor-32\" data-elementor-post-type=\"page\">\n\t\t\t\t\t\t<section class=\"elementor-section elementor-top-section elementor-element elementor-element-12be6ba8 elementor-section-content-middle elementor-section-boxed elementor-section-height-default elementor-section-height-default\" data-id=\"12be6ba8\" data-element_type=\"section\" data-e-type=\"section\" data-settings=\"{&quot;background_background&quot;:&quot;classic&quot;}\">\n\t\t\t\t\t\t\t<div class=\"elementor-background-overlay\"><\/div>\n\t\t\t\t\t\t\t<div class=\"elementor-container elementor-column-gap-no\">\n\t\t\t\t\t<div class=\"elementor-column elementor-col-100 elementor-top-column elementor-element elementor-element-5e95df3\" data-id=\"5e95df3\" data-element_type=\"column\" data-e-type=\"column\">\n\t\t\t<div class=\"elementor-widget-wrap elementor-element-populated\">\n\t\t\t\t\t\t<div class=\"elementor-element elementor-element-56a45dea elementor-widget elementor-widget-heading\" data-id=\"56a45dea\" data-element_type=\"widget\" data-e-type=\"widget\" data-widget_type=\"heading.default\">\n\t\t\t\t<div class=\"elementor-widget-container\">\n\t\t\t\t\t<h5 class=\"elementor-heading-title elementor-size-default\">WELCOME TO NATURDEPIL WORLD<\/h5>\t\t\t\t<\/div>\n\t\t\t\t<\/div>\n\t\t\t\t\t<\/div>\n\t\t<\/div>\n\t\t\t\t\t<\/div>\n\t\t<\/section>\n\t\t\t\t<section class=\"elementor-section elementor-top-section elementor-element elementor-element-584830d9 elementor-section-boxed elementor-section-height-default elementor-section-height-default\" data-id=\"584830d9\" data-element_type=\"section\" data-e-type=\"section\">\n\t\t\t\t\t\t<div class=\"elementor-container elementor-column-gap-default\">\n\t\t\t\t\t<div class=\"elementor-column elementor-col-100 elementor-top-column elementor-element elementor-element-762c0b58\" data-id=\"762c0b58\" data-element_type=\"column\" data-e-type=\"column\">\n\t\t\t<div class=\"elementor-widget-wrap elementor-element-populated\">\n\t\t\t\t\t\t<div class=\"elementor-element elementor-element-1192d9dd elementor-widget elementor-widget-spacer\" data-id=\"1192d9dd\" data-element_type=\"widget\" data-e-type=\"widget\" data-widget_type=\"spacer.default\">\n\t\t\t\t<div class=\"elementor-widget-container\">\n\t\t\t\t\t\t\t<div class=\"elementor-spacer\">\n\t\t\t<div class=\"elementor-spacer-inner\"><\/div>\n\t\t<\/div>\n\t\t\t\t\t\t<\/div>\n\t\t\t\t<\/div>\n\t\t\t\t\t<\/div>\n\t\t<\/div>\n\t\t\t\t\t<\/div>\n\t\t<\/section>\n\t\t\t\t<section class=\"elementor-section elementor-top-section elementor-element elementor-element-7d50787b elementor-section-boxed elementor-section-height-default elementor-section-height-default\" data-id=\"7d50787b\" data-element_type=\"section\" data-e-type=\"section\">\n\t\t\t\t\t\t<div class=\"elementor-container elementor-column-gap-default\">\n\t\t\t\t\t<div class=\"elementor-column elementor-col-50 elementor-top-column elementor-element elementor-element-92f6fc3\" data-id=\"92f6fc3\" data-element_type=\"column\" data-e-type=\"column\">\n\t\t\t<div class=\"elementor-widget-wrap elementor-element-populated\">\n\t\t\t\t\t\t<div class=\"elementor-element elementor-element-43aeabee elementor-widget elementor-widget-text-editor\" data-id=\"43aeabee\" data-element_type=\"widget\" data-e-type=\"widget\" data-widget_type=\"text-editor.default\">\n\t\t\t\t<div class=\"elementor-widget-container\">\n\t\t\t\t\t\t\t\t\t<p>Following the trends, we started in 2011. in the development of the Naturdepil depilation wax production project, and in 2012. we started production, in our plant in Sesvete, with a modest range of products consisting of only two, but the most sought-after products, Naturdepil azulen and natural wax for depilation.<\/p><p>Naturdepil wax is made of natural resin components and carefully selected ingredients.<\/p><p>With the use of the highest quality natural ingredients that benefit the skin, a low melting point and a working temperature of 35-37\u00b0C, which is also the temperature of the body, depilation is maximally pleasant. Work and application are made easier and enable comfortable, quick and even application, which speeds up the depilation itself, reduces costs and saves time.<\/p><p>Along with Naturdepil wax, we have also developed a complete collection of cosmetics for skin treatment before and after depilation, wax heaters designed according to the needs of our products, and depilation strips made of high-quality materials, which together with Naturdepil wax affect the shortening of depilation time and the consumption of the wax itself!<\/p><p>Which is extremely important nowadays, when we miss time itself the most!!!<\/p><p>After some time, we knew it was time to expand the range of products, so we added three new types of products, Cappuccino, Forest Fruit and Chocolate. We must point out that our new products were the only ones on the market that, in addition to color, also had a smell, i.e. an aroma, in accordance with their name. Our quality was recognized by numerous partners both in Croatia and throughout Europe.<\/p><p>As we boldly started this beautiful story of production, we continued even more boldly and decisively, developing and progressing in every respect. We have met the high standards that we have imposed on ourselves and our competitors, and in 2021 we have made the step forward that we have been striving for all this time from the very beginning.<\/p><p>We came up with a revolutionary new product in the world of depilation, and unlike the competition that falsely advertises products like wax with Chamomile, Olive, Rosemary, etc., we found a way and formula to make Naturdepil wax the first in the world to combine depilation with natural.<\/p><p>By registering a patent with the STATE INSTITUTE FOR INTELLECTUAL PROPERTY under no <strong>PK20190750<\/strong> our patent was registered, and with that act a new chapter in our business began!<\/p><p>The first Naturdepil wax that we produced and marketed was <strong>Naturdepil Chamomile<\/strong> which is the only wax in the world with <strong>Azulene<\/strong> in its composition!!!<\/p><p>After Kamilica they came <strong>Olive<\/strong>, <strong>Lavender<\/strong>, <strong>Rosemary<\/strong>, <strong>Immortelle<\/strong> and <strong>Mint<\/strong>and soon we will have some more types and different packaging, such as cans and beads, i.e. wax in tiles...<\/p><p>After this moment, a lot has changed, and the biggest change happened in the signing of the contract with the world&#039;s largest company when it comes to waxing, with which we have been cooperating since 1997. <strong>&quot;MAYSTAR group&quot;<\/strong> Spain, which in 1984 patented cartridges, heaters and wax as we know them today. In 2022, we are moving our production to their production facilities in Torredembarra\/Tarragona. Where our products are manufactured AND distributed worldwide today!!<\/p><p>2024 and after some time and testing we officially launched the brand &quot;<strong>PROLINE&quot;<\/strong> intended for professionals, and which will be extremely competitive in terms of price and quality! Proline currently offers massage oils and body care products as well as a depilation line, which you can find out more about on our website. The vision of the development of the PROLINE brand is the development of at least three lines for facial care and treatments, body care in the form of anti-cellulite preparations and skin firming preparations, basic cosmetic supplies such as peelings for the face and body, and consumables for professionals.<\/p><p>In accordance with the development of the PROLINE brand and its expansion to the market of CEFTE member countries, we opened the company PROLINE COSMETICS based in Mostar, which started working and achieved significant results in the first few months of operation!<\/p>\t\t\t\t\t\t\t\t<\/div>\n\t\t\t\t<\/div>\n\t\t\t\t\t<\/div>\n\t\t<\/div>\n\t\t\t\t<div class=\"elementor-column elementor-col-50 elementor-top-column elementor-element elementor-element-8493d52\" data-id=\"8493d52\" data-element_type=\"column\" data-e-type=\"column\">\n\t\t\t<div class=\"elementor-widget-wrap elementor-element-populated\">\n\t\t\t\t\t\t<div class=\"elementor-element elementor-element-cc0c03b elementor-widget elementor-widget-image\" data-id=\"cc0c03b\" data-element_type=\"widget\" data-e-type=\"widget\" data-widget_type=\"image.default\">\n\t\t\t\t<div class=\"elementor-widget-container\">\n\t\t\t\t\t\t\t\t\t\t\t\t\t\t\t<img fetchpriority=\"high\" decoding=\"async\" width=\"800\" height=\"600\" src=\"https:\/\/naturdepil.hr\/wp-content\/uploads\/2018\/02\/o-nama-1024x768.jpg\" class=\"attachment-large size-large wp-image-2130\" alt=\"\" srcset=\"https:\/\/naturdepil.hr\/wp-content\/uploads\/2018\/02\/o-nama-1024x768.jpg 1024w, https:\/\/naturdepil.hr\/wp-content\/uploads\/2018\/02\/o-nama-800x600.jpg 800w, https:\/\/naturdepil.hr\/wp-content\/uploads\/2018\/02\/o-nama-500x375.jpg 500w, https:\/\/naturdepil.hr\/wp-content\/uploads\/2018\/02\/o-nama-768x576.jpg 768w, https:\/\/naturdepil.hr\/wp-content\/uploads\/2018\/02\/o-nama.jpg 1600w\" sizes=\"(max-width: 800px) 100vw, 800px\" \/>\t\t\t\t\t\t\t\t\t\t\t\t\t\t\t<\/div>\n\t\t\t\t<\/div>\n\t\t\t\t<div class=\"elementor-element elementor-element-86970bd elementor-widget elementor-widget-image\" data-id=\"86970bd\" data-element_type=\"widget\" data-e-type=\"widget\" data-widget_type=\"image.default\">\n\t\t\t\t<div class=\"elementor-widget-container\">\n\t\t\t\t\t\t\t\t\t\t\t\t\t\t\t<img decoding=\"async\" width=\"800\" height=\"450\" src=\"https:\/\/naturdepil.hr\/wp-content\/uploads\/2024\/09\/maystar-hq-1024x576.jpg\" class=\"attachment-large size-large wp-image-3394\" alt=\"\" srcset=\"https:\/\/naturdepil.hr\/wp-content\/uploads\/2024\/09\/maystar-hq-1024x576.jpg 1024w, https:\/\/naturdepil.hr\/wp-content\/uploads\/2024\/09\/maystar-hq-500x281.jpg 500w, https:\/\/naturdepil.hr\/wp-content\/uploads\/2024\/09\/maystar-hq-768x432.jpg 768w, https:\/\/naturdepil.hr\/wp-content\/uploads\/2024\/09\/maystar-hq-18x10.jpg 18w, https:\/\/naturdepil.hr\/wp-content\/uploads\/2024\/09\/maystar-hq-800x450.jpg 800w, https:\/\/naturdepil.hr\/wp-content\/uploads\/2024\/09\/maystar-hq.jpg 1280w\" sizes=\"(max-width: 800px) 100vw, 800px\" \/>\t\t\t\t\t\t\t\t\t\t\t\t\t\t\t<\/div>\n\t\t\t\t<\/div>\n\t\t\t\t<div class=\"elementor-element elementor-element-9bbe93c elementor-widget elementor-widget-image\" data-id=\"9bbe93c\" data-element_type=\"widget\" data-e-type=\"widget\" data-widget_type=\"image.default\">\n\t\t\t\t<div class=\"elementor-widget-container\">\n\t\t\t\t\t\t\t\t\t\t\t\t\t\t\t<img decoding=\"async\" width=\"800\" height=\"441\" src=\"https:\/\/naturdepil.hr\/wp-content\/uploads\/2024\/09\/Naturdepil-bodegon-1024x565.jpg\" class=\"attachment-large size-large wp-image-3350\" alt=\"\" srcset=\"https:\/\/naturdepil.hr\/wp-content\/uploads\/2024\/09\/Naturdepil-bodegon-1024x565.jpg 1024w, https:\/\/naturdepil.hr\/wp-content\/uploads\/2024\/09\/Naturdepil-bodegon-500x276.jpg 500w, https:\/\/naturdepil.hr\/wp-content\/uploads\/2024\/09\/Naturdepil-bodegon-768x423.jpg 768w, https:\/\/naturdepil.hr\/wp-content\/uploads\/2024\/09\/Naturdepil-bodegon-18x10.jpg 18w, https:\/\/naturdepil.hr\/wp-content\/uploads\/2024\/09\/Naturdepil-bodegon-800x441.jpg 800w, https:\/\/naturdepil.hr\/wp-content\/uploads\/2024\/09\/Naturdepil-bodegon.jpg 1500w\" sizes=\"(max-width: 800px) 100vw, 800px\" \/>\t\t\t\t\t\t\t\t\t\t\t\t\t\t\t<\/div>\n\t\t\t\t<\/div>\n\t\t\t\t<div class=\"elementor-element elementor-element-16deba7 elementor-widget elementor-widget-image\" data-id=\"16deba7\" data-element_type=\"widget\" data-e-type=\"widget\" data-widget_type=\"image.default\">\n\t\t\t\t<div class=\"elementor-widget-container\">\n\t\t\t\t\t\t\t\t\t\t\t\t\t\t\t\t<a href=\"https:\/\/naturdepil.hr\/wp-content\/uploads\/2024\/09\/patent-certificate-cro.jpg\" data-elementor-open-lightbox=\"yes\" data-elementor-lightbox-title=\"patent-certificate-cro\" data-e-action-hash=\"#elementor-action%3Aaction%3Dlightbox%26settings%3DeyJpZCI6MzQ1MiwidXJsIjoiaHR0cHM6XC9cL25hdHVyZGVwaWwuaHJcL3dwLWNvbnRlbnRcL3VwbG9hZHNcLzIwMjRcLzA5XC9wYXRlbnQtY2VydGlmaWNhdGUtY3JvLmpwZyJ9\">\n\t\t\t\t\t\t\t<img loading=\"lazy\" decoding=\"async\" width=\"718\" height=\"1024\" src=\"https:\/\/naturdepil.hr\/wp-content\/uploads\/2024\/09\/patent-certificate-cro-718x1024.jpg\" class=\"attachment-large size-large wp-image-3452\" alt=\"\" srcset=\"https:\/\/naturdepil.hr\/wp-content\/uploads\/2024\/09\/patent-certificate-cro-718x1024.jpg 718w, https:\/\/naturdepil.hr\/wp-content\/uploads\/2024\/09\/patent-certificate-cro-351x500.jpg 351w, https:\/\/naturdepil.hr\/wp-content\/uploads\/2024\/09\/patent-certificate-cro-768x1096.jpg 768w, https:\/\/naturdepil.hr\/wp-content\/uploads\/2024\/09\/patent-certificate-cro-1077x1536.jpg 1077w, https:\/\/naturdepil.hr\/wp-content\/uploads\/2024\/09\/patent-certificate-cro-8x12.jpg 8w, https:\/\/naturdepil.hr\/wp-content\/uploads\/2024\/09\/patent-certificate-cro-800x1141.jpg 800w, https:\/\/naturdepil.hr\/wp-content\/uploads\/2024\/09\/patent-certificate-cro.jpg 1346w\" sizes=\"(max-width: 718px) 100vw, 718px\" \/>\t\t\t\t\t\t\t\t<\/a>\n\t\t\t\t\t\t\t\t\t\t\t\t\t\t\t<\/div>\n\t\t\t\t<\/div>\n\t\t\t\t\t<\/div>\n\t\t<\/div>\n\t\t\t\t\t<\/div>\n\t\t<\/section>\n\t\t\t\t<\/div>","protected":false},"excerpt":{"rendered":"<p>DOBRODO\u0160LI U NATURDEPIL SVIJET Prate\u0107i trendove krenuli smo 2011g. u razvijanje projekta proizvodnje voska za depilaciju Naturdepil, a 2012g. zapo\u010deli smo sa proizvodnjom, u na\u0161em pogonu u Sesvetama sa skromnom paletom proizvoda od samo dva, ali najtra\u017eenija proizvoda, Naturdepil azulen i natural vosak za depilaciju. Naturdepil vosak je sa\u010dinjen od komponenti prirodnih smola i pomno [&hellip;]<\/p>\n","protected":false},"author":1,"featured_media":0,"parent":0,"menu_order":0,"comment_status":"closed","ping_status":"closed","template":"elementor_header_footer","meta":{"footnotes":""},"class_list":["post-32","page","type-page","status-publish","hentry"],"_links":{"self":[{"href":"https:\/\/naturdepil.hr\/en\/wp-json\/wp\/v2\/pages\/32","targetHints":{"allow":["GET"]}}],"collection":[{"href":"https:\/\/naturdepil.hr\/en\/wp-json\/wp\/v2\/pages"}],"about":[{"href":"https:\/\/naturdepil.hr\/en\/wp-json\/wp\/v2\/types\/page"}],"author":[{"embeddable":true,"href":"https:\/\/naturdepil.hr\/en\/wp-json\/wp\/v2\/users\/1"}],"replies":[{"embeddable":true,"href":"https:\/\/naturdepil.hr\/en\/wp-json\/wp\/v2\/comments?post=32"}],"version-history":[{"count":22,"href":"https:\/\/naturdepil.hr\/en\/wp-json\/wp\/v2\/pages\/32\/revisions"}],"predecessor-version":[{"id":3458,"href":"https:\/\/naturdepil.hr\/en\/wp-json\/wp\/v2\/pages\/32\/revisions\/3458"}],"wp:attachment":[{"href":"https:\/\/naturdepil.hr\/en\/wp-json\/wp\/v2\/media?parent=32"}],"curies":[{"name":"wp","href":"https:\/\/api.w.org\/{rel}","templated":true}]}}