{"id":2221,"date":"2018-02-13T21:02:50","date_gmt":"2018-02-13T19:02:50","guid":{"rendered":"https:\/\/naturdepil.hr\/?post_type=product&#038;p=2221"},"modified":"2024-09-20T17:07:06","modified_gmt":"2024-09-20T15:07:06","slug":"ulje-nakon-depilacije-200ml","status":"publish","type":"product","link":"https:\/\/naturdepil.hr\/en\/product\/ulje-nakon-depilacije-200ml\/","title":{"rendered":"Forest fruit massage oil 1000ml"},"content":{"rendered":"<p>Ulje za masa\u017eu sa mirisom \u0160umskog vo\u0107a, veoma ugodnog mirisa uz koje \u0107e te imati iznimnu aromaterapijsku masa\u017eu.<\/p>\n<p>1000 ml<\/p>","protected":false},"excerpt":{"rendered":"<p>Ulje za masa\u017eu sa mirisom \u0160umskog vo\u0107a, veoma ugodnog mirisa uz koje \u0107e te imati iznimnu aromaterapijsku masa\u017eu.<\/p>\n<p>1000 ml<\/p>","protected":false},"featured_media":3073,"template":"","meta":[],"product_brand":[],"product_cat":[57],"product_tag":[],"class_list":{"0":"post-2221","1":"product","2":"type-product","3":"status-publish","4":"has-post-thumbnail","6":"product_cat-preparati-za-masazu","8":"first","9":"instock","10":"taxable","11":"shipping-taxable","12":"purchasable","13":"product-type-simple"},"_links":{"self":[{"href":"https:\/\/naturdepil.hr\/en\/wp-json\/wp\/v2\/product\/2221","targetHints":{"allow":["GET"]}}],"collection":[{"href":"https:\/\/naturdepil.hr\/en\/wp-json\/wp\/v2\/product"}],"about":[{"href":"https:\/\/naturdepil.hr\/en\/wp-json\/wp\/v2\/types\/product"}],"wp:featuredmedia":[{"embeddable":true,"href":"https:\/\/naturdepil.hr\/en\/wp-json\/wp\/v2\/media\/3073"}],"wp:attachment":[{"href":"https:\/\/naturdepil.hr\/en\/wp-json\/wp\/v2\/media?parent=2221"}],"wp:term":[{"taxonomy":"product_brand","embeddable":true,"href":"https:\/\/naturdepil.hr\/en\/wp-json\/wp\/v2\/product_brand?post=2221"},{"taxonomy":"product_cat","embeddable":true,"href":"https:\/\/naturdepil.hr\/en\/wp-json\/wp\/v2\/product_cat?post=2221"},{"taxonomy":"product_tag","embeddable":true,"href":"https:\/\/naturdepil.hr\/en\/wp-json\/wp\/v2\/product_tag?post=2221"}],"curies":[{"name":"wp","href":"https:\/\/api.w.org\/{rel}","templated":true}]}}