{"id":2224,"date":"2018-02-13T21:08:24","date_gmt":"2018-02-13T19:08:24","guid":{"rendered":"https:\/\/naturdepil.hr\/?post_type=product&#038;p=2224"},"modified":"2025-05-28T13:46:03","modified_gmt":"2025-05-28T11:46:03","slug":"grijac-za-vosak-3x25w-trio","status":"publish","type":"product","link":"https:\/\/naturdepil.hr\/en\/product\/grijac-za-vosak-3x25w-trio\/","title":{"rendered":"Naturdepil Grija\u010d za vosak 3x25W &#8211; TRIO"},"content":{"rendered":"<p>Grija\u010d za vosak 25Wx3 &#8211; TRIO.<br \/>\nZa tri patrone.<br \/>\nUklju\u010den strujni kabel.<\/p>\n<p>GRIJA\u010cI ZA VOSAK<br \/>\nNaturdepil grija\u010di svojim posebnim dizajnom i oblikom potpuno olak\u0161avaju proces uklanjanja dla\u010dica. Na\u0161i grija\u010di dolaze u mono, duo i trio izdanju te su pogodni za profesionalnu, ali i za ku\u0107nu upotrebu. Grija\u010d za vosak Naturdepil pobrinut \u0107e se za brzo postizanje \u017eeljene temperature i na taj \u0107e na\u010din olak\u0161ati proces depilacije. Zahvaljuju\u0107i grija\u010du, vosak \u0107e biti dobro obra\u0111en i njegovo nano\u0161enje na ko\u017eu bit \u0107e brzo i jednostavno. Va\u017eno za napomenuti je da, grija\u010di Naturdepil su posebno dizajnirani za Naturdepil vosak jer posjeduju opciju predgrijavanja. Na taj na\u010din vosak je u \u201cstand-by\u201d poziciji bez straha da da \u0107e do\u0107i do pregrijavnja voska. Potrebno je samo par minuta prije tretmana upaliti grija\u010d na max.<\/p>","protected":false},"excerpt":{"rendered":"<p>Grija\u010d za vosak 25Wx3 &#8211; TRIO.<br \/>\nZa tri patrone.<br \/>\nUklju\u010den strujni kabel.<\/p>","protected":false},"featured_media":2324,"template":"","meta":[],"product_brand":[],"product_cat":[34],"product_tag":[],"class_list":{"0":"post-2224","1":"product","2":"type-product","3":"status-publish","4":"has-post-thumbnail","6":"product_cat-roll-on-cartridge-heaters","8":"first","9":"instock","10":"taxable","11":"shipping-taxable","12":"purchasable","13":"product-type-simple"},"_links":{"self":[{"href":"https:\/\/naturdepil.hr\/en\/wp-json\/wp\/v2\/product\/2224","targetHints":{"allow":["GET"]}}],"collection":[{"href":"https:\/\/naturdepil.hr\/en\/wp-json\/wp\/v2\/product"}],"about":[{"href":"https:\/\/naturdepil.hr\/en\/wp-json\/wp\/v2\/types\/product"}],"wp:featuredmedia":[{"embeddable":true,"href":"https:\/\/naturdepil.hr\/en\/wp-json\/wp\/v2\/media\/2324"}],"wp:attachment":[{"href":"https:\/\/naturdepil.hr\/en\/wp-json\/wp\/v2\/media?parent=2224"}],"wp:term":[{"taxonomy":"product_brand","embeddable":true,"href":"https:\/\/naturdepil.hr\/en\/wp-json\/wp\/v2\/product_brand?post=2224"},{"taxonomy":"product_cat","embeddable":true,"href":"https:\/\/naturdepil.hr\/en\/wp-json\/wp\/v2\/product_cat?post=2224"},{"taxonomy":"product_tag","embeddable":true,"href":"https:\/\/naturdepil.hr\/en\/wp-json\/wp\/v2\/product_tag?post=2224"}],"curies":[{"name":"wp","href":"https:\/\/api.w.org\/{rel}","templated":true}]}}