{"id":2829,"date":"2021-07-27T15:04:18","date_gmt":"2021-07-27T13:04:18","guid":{"rendered":"https:\/\/naturdepil.hr\/?post_type=product&#038;p=2829"},"modified":"2025-01-16T15:41:39","modified_gmt":"2025-01-16T13:41:39","slug":"roll-on-patrona-menta-110ml","status":"publish","type":"product","link":"https:\/\/naturdepil.hr\/en\/product\/roll-on-patrona-menta-110ml\/","title":{"rendered":"Roll-on cartridge Menta 110ml \/ box of 20 pieces\/"},"content":{"rendered":"<p>Naturdepil vosak za depilaciju Menta<\/p>\n<p>Naturdepil vosak s ekstraktom mente pogodan je za svaki tip ko\u017ee. Sastojak koji se naj\u010de\u0161\u0107e mo\u017ee prona\u0107i u hrani i pi\u0107u zapravo posjeduje mnogo prednosti za Va\u0161u ko\u017eu. Menta djeluje antibakterijski i antiviralno, te \u010disti i umiruje upaljenu ko\u017eu. Tako\u0111er, menta sadr\u017eava salicilnu kiselinu te zbog toga mo\u017ee djelovati kao nje\u017eni piling koji uklanja slojeve mrtvih stanica ko\u017ee. Razna istra\u017eivanja su pokazala da, kada se menta nanosi povr\u0161inski na ko\u017eu mo\u017ee vrlo brzo ubla\u017eiti iritacije ko\u017ee te tako\u0111er ohladiti i osvje\u017eiti ko\u017eu. Uspje\u0161na je u stimuliranju, revitaliziranju te vra\u0107anju elasti\u010dnosti ko\u017ei. Ova kombinacija Naturdepil prirodnog voska i ekstrakta mente ne\u0107e stvoriti iritaciju na va\u0161oj ko\u017ei ve\u0107 \u0107e ju ostaviti savr\u0161eno glatkom.<\/p>\n<p>Na\u010din primjene:<br \/>\nVosak zagrijati u grija\u010du dizajniranom za Naturdepil vosak, nakon \u0161to vosak postane teku\u0107i nanjeti ga na ko\u017eu. Vosak se mo\u017ee nanjeti na cjelokupnu povr\u0161inu koja se depilira, bez straha da \u0107e se ohladiti. Uzeti traku za depilaciju i po\u010deti sa uklanjanjem voska i dla\u010dica sa ko\u017ee. Vosak se uklanja brzim potezima, suprotnim od smjera rasta dlaka. Ukoliko je na nekom podru\u010dju preostalo dla\u010dica, nije potrebno ponovno nanositi vosak, ve\u0107 samo prisloniti traku na kojoj se ve\u0107 nalazi vosak i \u201czapeglati\u201d rukom na \u017eeljenom mjestu, te ponoviti postupak brzog povla\u010denja trake. Nakon depilacije preporu\u010deno je ko\u017eu tretirati nekim od proizvoda iz na\u0161e kolekcije kojima \u0107e te jo\u0161 vi\u0161e ubla\u017eiti iritaciju i\/ili crvenilo nakon tretmana. Na raspolaganju su Vam razni proizvodi u obliku kreme, emulzije ili ulja nakon depilacije.<\/p>\n<p>Glavne karakteristike i prednosti Naturdepil voska za depilaciju:<br \/>\n&#8211; niska to\u010dka taljenja i ugodna radna temperatura od 35-37\u00b0 koja omogu\u0107uje ugodnu depilaciju, bez vremenskog ograni\u010denja kada nanesete vosak na ko\u017eu. Ostale voskove potrebno je brzo ukloniti sa ko\u017ee jer im je radna temperatura u prosjeku 45-55\u00b0 , Naturdepil vosak mo\u017ee ostati na ko\u017ei \u010dak i do 20 minuta bez straha da ga se ne\u0107e mo\u0107i ukloniti bez dodatnog zagrijavanja. Ova zna\u010dajka je veoma va\u017ena jer ubrzava rad i \u0161tedi vrijeme potrebno za depilaciju, a posebno u ku\u0107noj uporabi gdje sami koristite vosak za depilaciju .<br \/>\n&#8211; mala potro\u0161nja materijala: npr. za depilaciju jednog para potkoljenica koje se naj\u010de\u0161\u0107e depiliraju, dovoljno je 1cm voska iz patrone i jedna traka<br \/>\n&#8211; Naturdepil vosak je napravljen od mje\u0161avine nekoliko vrsta borove smole i ostalih prirodnih sastojaka, i po tome je vosak broj 1 na tr\u017ei\u0161tu<br \/>\n&#8211; Prednosti u usporedbi sa sinteti\u010dkim voskom su ni\u017ea temperatura topljenja, manja upotreba materijala, nema potrebe za ponavljanjem depilacije na istoj povr\u0161ini ko\u017ee, ugodnija depilacija, manje ili \u010dak bez iritacije ko\u017ee, puno ja\u010de od sinteti\u010dkog voska, ali ujedno i nje\u017eniji jer se ne su\u0161i\/hladi na ko\u017ei kao sinteti\u010dki vosak<br \/>\n&#8211; Najva\u017enija uputa za kori\u0161tenje je da se preporu\u010da kori\u0161tenje Naturdepil grija\u010da. Razlog za\u0161to bi trebali koristiti na\u0161e grija\u010de je taj \u0161to za razliku od ostalih grija\u010da na tr\u017ei\u0161tu imaju opciju predgrijavanja! Ukoliko se koristi neki drugi grija\u010d potrebno je konstantno kontrolirati fluidnost voska jer su ti grija\u010di dizajnirani za visoke temperature koje su potrebne za rad sa sinteti\u010dkim voskovima!<\/p>\n<p>Sastav i tehni\u010dki podaci: NATURDEPIL VOSAK ZA DEPILACIJU MENTA<br \/>\nSastojci \/ Ingredients (INCI): PEG-3 Dirosinate, Glyceryl Rosinate, Mentha piperita<br \/>\nZemlja podrijetla: EU<br \/>\nRok upotrebe: otisnuto pri dnu ambala\u017ee<br \/>\nUpozorenje: Samo za vanjsku primjenu. \u010cuvati izvan dohvata djece.<\/p>","protected":false},"excerpt":{"rendered":"<p>Naturdepil vosak s ekstraktom mente pogodan je za svaki tip ko\u017ee. Sastojak koji se naj\u010de\u0161\u0107e mo\u017ee prona\u0107i u hrani i pi\u0107u zapravo posjeduje mnogo prednosti za Va\u0161u ko\u017eu. Menta djeluje antibakterijski i antiviralno, te \u010disti i umiruje upaljenu ko\u017eu. Tako\u0111er, menta sadr\u017eava salicilnu kiselinu te zbog toga mo\u017ee djelovati kao nje\u017eni piling koji uklanja slojeve mrtvih stanica ko\u017ee. Razna istra\u017eivanja su pokazala da, kada se menta nanosi povr\u0161inski na ko\u017eu mo\u017ee vrlo brzo ubla\u017eiti iritacije ko\u017ee te tako\u0111er ohladiti i osvje\u017eiti ko\u017eu. Uspje\u0161na je u stimuliranju, revitaliziranju te vra\u0107anju elasti\u010dnosti ko\u017ei. Ova kombinacija Naturdepil prirodnog voska i ekstrakta mente ne\u0107e stvoriti iritaciju na va\u0161oj ko\u017ei ve\u0107 \u0107e ju ostaviti savr\u0161eno glatkom.<\/p>","protected":false},"featured_media":3370,"template":"","meta":[],"product_brand":[],"product_cat":[43],"product_tag":[],"class_list":{"0":"post-2829","1":"product","2":"type-product","3":"status-publish","4":"has-post-thumbnail","6":"product_cat-roll-on-wax","8":"first","9":"instock","10":"taxable","11":"shipping-taxable","12":"purchasable","13":"product-type-simple"},"_links":{"self":[{"href":"https:\/\/naturdepil.hr\/en\/wp-json\/wp\/v2\/product\/2829","targetHints":{"allow":["GET"]}}],"collection":[{"href":"https:\/\/naturdepil.hr\/en\/wp-json\/wp\/v2\/product"}],"about":[{"href":"https:\/\/naturdepil.hr\/en\/wp-json\/wp\/v2\/types\/product"}],"wp:featuredmedia":[{"embeddable":true,"href":"https:\/\/naturdepil.hr\/en\/wp-json\/wp\/v2\/media\/3370"}],"wp:attachment":[{"href":"https:\/\/naturdepil.hr\/en\/wp-json\/wp\/v2\/media?parent=2829"}],"wp:term":[{"taxonomy":"product_brand","embeddable":true,"href":"https:\/\/naturdepil.hr\/en\/wp-json\/wp\/v2\/product_brand?post=2829"},{"taxonomy":"product_cat","embeddable":true,"href":"https:\/\/naturdepil.hr\/en\/wp-json\/wp\/v2\/product_cat?post=2829"},{"taxonomy":"product_tag","embeddable":true,"href":"https:\/\/naturdepil.hr\/en\/wp-json\/wp\/v2\/product_tag?post=2829"}],"curies":[{"name":"wp","href":"https:\/\/api.w.org\/{rel}","templated":true}]}}