{"id":2836,"date":"2021-07-27T15:17:54","date_gmt":"2021-07-27T13:17:54","guid":{"rendered":"https:\/\/naturdepil.hr\/?post_type=product&#038;p=2836"},"modified":"2024-09-20T17:06:55","modified_gmt":"2024-09-20T15:06:55","slug":"ulje-za-masazu-basic-geranium-1000ml","status":"publish","type":"product","link":"https:\/\/naturdepil.hr\/en\/product\/ulje-za-masazu-basic-geranium-1000ml\/","title":{"rendered":"Coconut massage oil 1000ml"},"content":{"rendered":"<p>Naturdepil Kokos ulje za masa\u017eu<\/p>\n<p>Ulje za masa\u017eu sa mirisom Kokosa, ugodne teksture s hidratantnim i hranjivim svojstvima za zategnutu i podatnu ko\u017eu.<br \/>\nBlagog je i ugodnog mirisa. Sadr\u017ei Ethylhexyl Glycerin koji djeluje kao antimikrobni stabilizator u kombinaciji s ostalim kozmeti\u010dkim sastojcima.<br \/>\nNakon tretmana na\u0161im uljem Va\u0161a ko\u017ea bit \u0107e svilenkasta i mekana.<\/p>","protected":false},"excerpt":{"rendered":"<p>Ulje za masa\u017eu sa mirisom Kokosa, ugodne teksture s hidratantnim i hranjivim svojstvima za zategnutu i podatnu ko\u017eu.<br \/>\nBlagog je i ugodnog mirisa. Sadr\u017ei Ethylhexyl Glycerin koji djeluje kao antimikrobni stabilizator u kombinaciji s ostalim kozmeti\u010dkim sastojcima.<br \/>\nNakon tretmana na\u0161im uljem Va\u0161a ko\u017ea bit \u0107e svilenkasta i mekana.<\/p>","protected":false},"featured_media":3074,"template":"","meta":[],"product_brand":[],"product_cat":[57],"product_tag":[],"class_list":{"0":"post-2836","1":"product","2":"type-product","3":"status-publish","4":"has-post-thumbnail","6":"product_cat-preparati-za-masazu","8":"first","9":"instock","10":"taxable","11":"shipping-taxable","12":"purchasable","13":"product-type-simple"},"_links":{"self":[{"href":"https:\/\/naturdepil.hr\/en\/wp-json\/wp\/v2\/product\/2836","targetHints":{"allow":["GET"]}}],"collection":[{"href":"https:\/\/naturdepil.hr\/en\/wp-json\/wp\/v2\/product"}],"about":[{"href":"https:\/\/naturdepil.hr\/en\/wp-json\/wp\/v2\/types\/product"}],"wp:featuredmedia":[{"embeddable":true,"href":"https:\/\/naturdepil.hr\/en\/wp-json\/wp\/v2\/media\/3074"}],"wp:attachment":[{"href":"https:\/\/naturdepil.hr\/en\/wp-json\/wp\/v2\/media?parent=2836"}],"wp:term":[{"taxonomy":"product_brand","embeddable":true,"href":"https:\/\/naturdepil.hr\/en\/wp-json\/wp\/v2\/product_brand?post=2836"},{"taxonomy":"product_cat","embeddable":true,"href":"https:\/\/naturdepil.hr\/en\/wp-json\/wp\/v2\/product_cat?post=2836"},{"taxonomy":"product_tag","embeddable":true,"href":"https:\/\/naturdepil.hr\/en\/wp-json\/wp\/v2\/product_tag?post=2836"}],"curies":[{"name":"wp","href":"https:\/\/api.w.org\/{rel}","templated":true}]}}