{"id":2837,"date":"2021-07-27T15:27:29","date_gmt":"2021-07-27T13:27:29","guid":{"rendered":"https:\/\/naturdepil.hr\/?post_type=product&#038;p=2837"},"modified":"2024-09-20T17:06:33","modified_gmt":"2024-09-20T15:06:33","slug":"ulje-za-masazu-badem-1000ml","status":"publish","type":"product","link":"https:\/\/naturdepil.hr\/en\/product\/ulje-za-masazu-badem-1000ml\/","title":{"rendered":"Almond massage oil 1000ml"},"content":{"rendered":"<p>Naturdepil ulje za masa\u017eu \/ Badem<\/p>\n<p>Ulje za masa\u017eu s mirisom badema svojim slatkastim mirisom upotpunit \u0107e Va\u0161 tretman.<br \/>\nBadem njeguje ko\u017eu, ne zatvara pore, omek\u0161ava ko\u017eu, hidratizira te ubla\u017eava suho\u0107u i lju\u0161tenje.<br \/>\nZbog visokog sadr\u017eaja nezasi\u0107enih masnih kiselina, bademovo ulje usporava trans-epidermalni gubitak vode, zbog \u010dega \u0161titi ko\u017eu od isu\u0161ivanja i pobolj\u0161ava njenu prirodnu funkciju.<br \/>\nBademovo ulje je pogodno za njegovanje svih tipova ko\u017ee, a posebno suhe i zrele.<br \/>\nVitamin E, izuzetno mo\u0107an antioksidans, poma\u017ee u spre\u010davanju pojave bora. Tako\u0111er, poti\u010de i proizvodnju kolagena.<br \/>\nAfter using our oil, your skin will be soft and silky.<\/p>","protected":false},"excerpt":{"rendered":"<p>Ulje za masa\u017eu s mirisom badema svojim slatkastim mirisom upotpunit \u0107e Va\u0161 tretman.<br \/>\nBadem njeguje ko\u017eu, ne zatvara pore, omek\u0161ava ko\u017eu, hidratizira te ubla\u017eava suho\u0107u i lju\u0161tenje.<br \/>\nZbog visokog sadr\u017eaja nezasi\u0107enih masnih kiselina, bademovo ulje usporava trans-epidermalni gubitak vode, zbog \u010dega \u0161titi ko\u017eu od isu\u0161ivanja i pobolj\u0161ava njenu prirodnu funkciju.<br \/>\nBademovo ulje je pogodno za njegovanje svih tipova ko\u017ee, a posebno suhe i zrele.<br \/>\nVitamin E, izuzetno mo\u0107an antioksidans, poma\u017ee u spre\u010davanju pojave bora. Tako\u0111er, poti\u010de i proizvodnju kolagena.<br \/>\nAfter using our oil, your skin will be soft and silky.<\/p>","protected":false},"featured_media":3072,"template":"","meta":[],"product_brand":[],"product_cat":[57],"product_tag":[],"class_list":{"0":"post-2837","1":"product","2":"type-product","3":"status-publish","4":"has-post-thumbnail","6":"product_cat-preparati-za-masazu","8":"first","9":"instock","10":"taxable","11":"shipping-taxable","12":"purchasable","13":"product-type-simple"},"_links":{"self":[{"href":"https:\/\/naturdepil.hr\/en\/wp-json\/wp\/v2\/product\/2837","targetHints":{"allow":["GET"]}}],"collection":[{"href":"https:\/\/naturdepil.hr\/en\/wp-json\/wp\/v2\/product"}],"about":[{"href":"https:\/\/naturdepil.hr\/en\/wp-json\/wp\/v2\/types\/product"}],"wp:featuredmedia":[{"embeddable":true,"href":"https:\/\/naturdepil.hr\/en\/wp-json\/wp\/v2\/media\/3072"}],"wp:attachment":[{"href":"https:\/\/naturdepil.hr\/en\/wp-json\/wp\/v2\/media?parent=2837"}],"wp:term":[{"taxonomy":"product_brand","embeddable":true,"href":"https:\/\/naturdepil.hr\/en\/wp-json\/wp\/v2\/product_brand?post=2837"},{"taxonomy":"product_cat","embeddable":true,"href":"https:\/\/naturdepil.hr\/en\/wp-json\/wp\/v2\/product_cat?post=2837"},{"taxonomy":"product_tag","embeddable":true,"href":"https:\/\/naturdepil.hr\/en\/wp-json\/wp\/v2\/product_tag?post=2837"}],"curies":[{"name":"wp","href":"https:\/\/api.w.org\/{rel}","templated":true}]}}