{"id":2870,"date":"2021-07-27T15:44:09","date_gmt":"2021-07-27T13:44:09","guid":{"rendered":"https:\/\/naturdepil.hr\/?post_type=product&#038;p=2870"},"modified":"2024-09-20T17:06:18","modified_gmt":"2024-09-20T15:06:18","slug":"ulje-za-masazu-citrusi-1000ml","status":"publish","type":"product","link":"https:\/\/naturdepil.hr\/en\/product\/ulje-za-masazu-citrusi-1000ml\/","title":{"rendered":"Citrus massage oil 1000ml"},"content":{"rendered":"<p>Naturdepil ulje za masa\u017eu \/ Citrusi<\/p>\n<p>Citrus-scented massage oil will complete your treatment with its fresh scent.<br \/>\nU aromaterapiji ulje citrusa koristi se za ubla\u017eavanje depresije te pru\u017ea vedrinu, energiju i svje\u017einu.<br \/>\nMasa\u017ea ovim uljem pru\u017eit \u0107e vam osje\u0107aj svje\u017eine i okrepljenosti.<br \/>\nAfter using our oil, your skin will be soft and silky.<\/p>","protected":false},"excerpt":{"rendered":"<p>Citrus-scented massage oil will complete your treatment with its fresh scent.<br \/>\nU aromaterapiji ulje citrusa koristi se za ubla\u017eavanje depresije te pru\u017ea vedrinu, energiju i svje\u017einu.<br \/>\nMasa\u017ea ovim uljem pru\u017eit \u0107e vam osje\u0107aj svje\u017eine i okrepljenosti.<br \/>\nAfter using our oil, your skin will be soft and silky.<\/p>","protected":false},"featured_media":3075,"template":"","meta":[],"product_brand":[],"product_cat":[57],"product_tag":[],"class_list":{"0":"post-2870","1":"product","2":"type-product","3":"status-publish","4":"has-post-thumbnail","6":"product_cat-preparati-za-masazu","8":"first","9":"instock","10":"taxable","11":"shipping-taxable","12":"purchasable","13":"product-type-simple"},"_links":{"self":[{"href":"https:\/\/naturdepil.hr\/en\/wp-json\/wp\/v2\/product\/2870","targetHints":{"allow":["GET"]}}],"collection":[{"href":"https:\/\/naturdepil.hr\/en\/wp-json\/wp\/v2\/product"}],"about":[{"href":"https:\/\/naturdepil.hr\/en\/wp-json\/wp\/v2\/types\/product"}],"wp:featuredmedia":[{"embeddable":true,"href":"https:\/\/naturdepil.hr\/en\/wp-json\/wp\/v2\/media\/3075"}],"wp:attachment":[{"href":"https:\/\/naturdepil.hr\/en\/wp-json\/wp\/v2\/media?parent=2870"}],"wp:term":[{"taxonomy":"product_brand","embeddable":true,"href":"https:\/\/naturdepil.hr\/en\/wp-json\/wp\/v2\/product_brand?post=2870"},{"taxonomy":"product_cat","embeddable":true,"href":"https:\/\/naturdepil.hr\/en\/wp-json\/wp\/v2\/product_cat?post=2870"},{"taxonomy":"product_tag","embeddable":true,"href":"https:\/\/naturdepil.hr\/en\/wp-json\/wp\/v2\/product_tag?post=2870"}],"curies":[{"name":"wp","href":"https:\/\/api.w.org\/{rel}","templated":true}]}}