{"id":3482,"date":"2024-09-20T18:02:25","date_gmt":"2024-09-20T16:02:25","guid":{"rendered":"https:\/\/naturdepil.hr\/?post_type=product&#038;p=3482"},"modified":"2025-05-28T13:44:20","modified_gmt":"2025-05-28T11:44:20","slug":"proline-roll-on-patrona-pink-110ml-kutija-50-komada","status":"publish","type":"product","link":"https:\/\/naturdepil.hr\/en\/product\/proline-roll-on-patrona-pink-110ml-kutija-50-komada\/","title":{"rendered":"Proline by Naturdepil Roll-on patrona Pink 100ml \/1,25EUR kom. VPC\/\/ kutija 50 komada\/"},"content":{"rendered":"<p>Proline Roll-on patrona Pink 110ml<\/p>\n<p><strong>Glavne karakteristike i prednosti Proline voska za depilaciju: <\/strong><\/p>\n<p>&#8211; ni\u017ea to\u010dka taljenja i ugodna radna temperatura koja omogu\u0107uje ugodnu depilaciju, du\u017ei vremenski period za ukloniti vosak od nano\u0161enja na ko\u017eu. \u00a0Ostale voskove potrebno je vrlo brzo ukloniti sa ko\u017ee jer im je radna temperatura u prosjeku 45-60\u00b0C. Ova zna\u010dajka je veoma va\u017ena jer ubrzava rad i \u0161tedi vrijeme potrebno za depilaciju, a posebno u ku\u0107noj uporabi gdje sami koristite vosak za depilaciju .<\/p>\n<p>&#8211; mala potro\u0161nja materijala: npr. za depilaciju jednog para potkoljenica koje se naj\u010de\u0161\u0107e depiliraju,\u00a0 dovoljno je\u00a0 2cm voska iz patrone i jedna do dvije trake<\/p>\n<p>&#8211; Proline vosak je napravljen od mje\u0161avine nekoliko vrsta smole i p\u010delinjeg voska , i po tome je vosak Proline me\u0111u najtra\u017eenijima na tr\u017ei\u0161tu<\/p>\n<p>&#8211; Prednosti u usporedbi sa ostalim sinteti\u010dkim voskom su ni\u017ea temperatura topljenja, manja upotreba materijala, nema potrebe za ponavljanjem depilacije na istoj povr\u0161ini ko\u017ee, ugodnija depilacija, manje ili \u010dak bez iritacije ko\u017ee, puno ja\u010de od drugih sinteti\u010dkih voskova, ali ujedno i nje\u017eniji jer se ne su\u0161i\/hladi na ko\u017ei brzo kao ostali sinteti\u010dki vosakovi.<\/p>\n<p>&#8211; Najva\u017enija uputa za kori\u0161tenje je da se preporu\u010da kori\u0161tenje kvalitetnog grija\u010da. Razlog za\u0161to bi trebali koristiti Naturdepil I Proline grija\u010de je taj \u0161to za razliku od ostalih grija\u010da na tr\u017ei\u0161tu imaju opciju predgrijavanja! <u>Ukoliko se koristi neki drugi grija\u010d potrebno je konstantno kontrolirati fluidnost voska jer su ti grija\u010di dizajnirani za visoke temperature koje su potrebne za rad sa slabije topivim voskovima!<\/u><\/p>\n<p><strong>Na\u010din primjene<\/strong>:<\/p>\n<p>Vosak zagrijati u grija\u010du za vosak, nakon \u0161to vosak postane teku\u0107i nanjeti ga na ko\u017eu. Vosak se mo\u017ee\u00a0 nanjeti na povr\u0161inu koja se depilira. Uzeti traku za depilaciju i po\u010deti sa uklanjanjem voska i dla\u010dica sa ko\u017ee. Vosak se uklanja brzim potezima, suprotnim od smjera rasta dlaka. Ukoliko je na nekom podru\u010dju preostalo dla\u010dica, nije potrebno ponovno nanositi vosak, ve\u0107 samo prisloniti traku na kojoj se ve\u0107 nalazi vosak i \u201czapeglati\u201d rukom na \u017eeljenom mjestu, te ponoviti postupak brzog povla\u010denja trake. Nakon depilacije preporu\u010deno je ko\u017eu tretirati nekim od proizvoda iz na\u0161e kolekcije kojima \u0107e te jo\u0161 vi\u0161e ubla\u017eiti\u00a0 iritaciju i\/ili crvenilo nakon tretmana. Na raspolaganju su Vam razni proizvodi u obliku kreme, emulzije ili ulja nakon depilacije.<\/p>\n<p><strong>Sastav i tehni\u010dki podaci: PROLINE VOSAK ZA DEPILACIJU PINK<\/strong><\/p>\n<p>Sastojci \/ Ingredients (INCI): Glyceryl rosinate, paraffinum liquidum, microcristallyne wax, beewax<\/p>\n<p>Zemlja podrijetla: EU \/ \u0160PANJOLSKA<\/p>\n<p>Rok upotrebe: otisnuto pri\u00a0 dnu ambala\u017ee<\/p>\n<p>Upozorenje: Samo za vanjsku primjenu. \u010cuvati izvan dohvata djece.<\/p>\n<p><u>POGODNO ZA SVE TIPOVE KO\u017dE<\/u><\/p>","protected":false},"excerpt":{"rendered":"<p><strong>Glavne karakteristike i prednosti Proline voska za depilaciju: <\/strong><\/p>\n<p>&#8211; ni\u017ea to\u010dka taljenja i ugodna radna temperatura koja omogu\u0107uje ugodnu depilaciju, du\u017ei vremenski period za ukloniti vosak od nano\u0161enja na ko\u017eu. \u00a0Ostale voskove potrebno je vrlo brzo ukloniti sa ko\u017ee jer im je radna temperatura u prosjeku 45-60\u00b0C. Ova zna\u010dajka je veoma va\u017ena jer ubrzava rad i \u0161tedi vrijeme potrebno za depilaciju, a posebno u ku\u0107noj uporabi gdje sami koristite vosak za depilaciju .<\/p>\n<p>&#8211; mala potro\u0161nja materijala: npr. za depilaciju jednog para potkoljenica koje se naj\u010de\u0161\u0107e depiliraju,\u00a0 dovoljno je\u00a0 2cm voska iz patrone i jedna do dvije trake<\/p>\n<p>&#8211; Proline vosak je napravljen od mje\u0161avine nekoliko vrsta smole i p\u010delinjeg voska , i po tome je vosak Proline me\u0111u najtra\u017eenijima na tr\u017ei\u0161tu<\/p>\n<p>&#8211; Prednosti u usporedbi sa ostalim sinteti\u010dkim voskom su ni\u017ea temperatura topljenja, manja upotreba materijala, nema potrebe za ponavljanjem depilacije na istoj povr\u0161ini ko\u017ee, ugodnija depilacija, manje ili \u010dak bez iritacije ko\u017ee, puno ja\u010de od drugih sinteti\u010dkih voskova, ali ujedno i nje\u017eniji jer se ne su\u0161i\/hladi na ko\u017ei brzo kao ostali sinteti\u010dki vosakovi.<\/p>\n<p>&#8211; Najva\u017enija uputa za kori\u0161tenje je da se preporu\u010da kori\u0161tenje kvalitetnog grija\u010da. Razlog za\u0161to bi trebali koristiti Naturdepil I Proline grija\u010de je taj \u0161to za razliku od ostalih grija\u010da na tr\u017ei\u0161tu imaju opciju predgrijavanja! <u>Ukoliko se koristi neki drugi grija\u010d potrebno je konstantno kontrolirati fluidnost voska jer su ti grija\u010di dizajnirani za visoke temperature koje su potrebne za rad sa slabije topivim voskovima!<\/u><\/p>","protected":false},"featured_media":3483,"template":"","meta":[],"product_brand":[],"product_cat":[43],"product_tag":[],"class_list":{"0":"post-3482","1":"product","2":"type-product","3":"status-publish","4":"has-post-thumbnail","6":"product_cat-roll-on-wax","8":"first","9":"instock","10":"taxable","11":"shipping-taxable","12":"purchasable","13":"product-type-simple"},"_links":{"self":[{"href":"https:\/\/naturdepil.hr\/en\/wp-json\/wp\/v2\/product\/3482","targetHints":{"allow":["GET"]}}],"collection":[{"href":"https:\/\/naturdepil.hr\/en\/wp-json\/wp\/v2\/product"}],"about":[{"href":"https:\/\/naturdepil.hr\/en\/wp-json\/wp\/v2\/types\/product"}],"wp:featuredmedia":[{"embeddable":true,"href":"https:\/\/naturdepil.hr\/en\/wp-json\/wp\/v2\/media\/3483"}],"wp:attachment":[{"href":"https:\/\/naturdepil.hr\/en\/wp-json\/wp\/v2\/media?parent=3482"}],"wp:term":[{"taxonomy":"product_brand","embeddable":true,"href":"https:\/\/naturdepil.hr\/en\/wp-json\/wp\/v2\/product_brand?post=3482"},{"taxonomy":"product_cat","embeddable":true,"href":"https:\/\/naturdepil.hr\/en\/wp-json\/wp\/v2\/product_cat?post=3482"},{"taxonomy":"product_tag","embeddable":true,"href":"https:\/\/naturdepil.hr\/en\/wp-json\/wp\/v2\/product_tag?post=3482"}],"curies":[{"name":"wp","href":"https:\/\/api.w.org\/{rel}","templated":true}]}}