{"id":3524,"date":"2024-09-21T16:41:15","date_gmt":"2024-09-21T14:41:15","guid":{"rendered":"https:\/\/naturdepil.hr\/?post_type=product&#038;p=3524"},"modified":"2025-05-28T13:45:21","modified_gmt":"2025-05-28T11:45:21","slug":"prepil-gel-500ml","status":"publish","type":"product","link":"https:\/\/naturdepil.hr\/en\/product\/prepil-gel-500ml\/","title":{"rendered":"Naturdepil Prepil gel 500ml"},"content":{"rendered":"<p><strong><em>Gel prije depilacije <\/em><\/strong><\/p>\n<p>Osvje\u017eava \u2013 \u010disti \u2013 hidratizira<\/p>\n<p>Hidratantni gel prije depilacije sa ektraktom kamilice, hamamelis vodom, ru\u017emarinovom vodom, uljem \u010dajevca i mentolom.\u00a0 Prepil \u00a0gel, je osvje\u017eavaju\u0107i hidratantni \u00a0gel sa svojstvima \u010di\u0161\u0107enja, koji \u0107e pripremiti va\u0161u ko\u017eu za uklanjanje dlaka. Poma\u017ee eliminirati suho\u0107u ko\u017ee, omek\u0161ava dlake i smanjuje iritaciju kako bi se postiglo nje\u017eno i u\u010dinkovito uklanjanje dlaka. Gel prije depilacije posjeduje osvje\u017eavaju\u0107u, laganu teksturu koja stvara savr\u0161enu podlogu za depilaciju. Ovaj gel priprema i \u010disti ko\u017eu spremnu za depilaciju te poma\u017ee prilikom ekstrakcije. Omek\u0161ava i hidratizira suhu ko\u017eu kako bi ubla\u017eio nelagodu i za\u0161titio ko\u017eu tijekom uklanjanja dla\u010dica.<\/p>\n<p>AKTIVNI\u00a0 SASTOJCI:<br \/>\n&#8211; <strong>Mentol:<\/strong> Alkohol koji se dobija iz razli\u010ditih tipova mente. \u00a0Daje nje\u017ean i svje\u017e izgled, umiruje i \u00a0\u00a0\u00a0\u00a0dezinficira.<\/p>\n<p>&#8211; <strong>Alcanfor:<\/strong> osvje\u017eavaju\u0107i efekat, ubla\u017eava podljeve.<\/p>\n<p>&#8211; <strong>Ekstrakt kamilice:<\/strong> Ekstrakt biljke ima skupljaju\u0107i i okrjepljuju\u0107i efekat na cirkulaciju krvi<\/p>\n<p>&#8211; <strong>Alfa-Bisabolol:<\/strong> Aktivna supstanca sa anti-upalnim djelovanjem koji \u0161tite osjetljivu i ko\u017eu koja se lako upali.<br \/>\n&#8211; <strong>Alkohol:<\/strong> dezinfekcijsko i anesteti\u010dko djelovanje.<\/p>\n<p>&#8211; <strong>Esencijalno ulje ru\u017emarina<\/strong>: antibakterijska svojstva.<\/p>\n<p><strong>&#8211; Esencijalno ulje drveta \u010daja: <\/strong>antisepti\u010dko i antibakterijsko djelovanje.<\/p>\n<p>Upotreba: Nje\u017eno umasirajte u ko\u017eu prije depilacije<\/p>\n<p>Pakiranje 500ml<\/p>","protected":false},"excerpt":{"rendered":"<p><strong><em>Gel prije depilacije <\/em><\/strong><\/p>\n<p>Osvje\u017eava \u2013 \u010disti \u2013 hidratizira<\/p>\n<p>Hidratantni gel prije depilacije sa ektraktom kamilice, hamamelis vodom, ru\u017emarinovom vodom, uljem \u010dajevca i mentolom.\u00a0 Prepil \u00a0gel, je osvje\u017eavaju\u0107i hidratantni \u00a0gel sa svojstvima \u010di\u0161\u0107enja, koji \u0107e pripremiti va\u0161u ko\u017eu za uklanjanje dlaka. Poma\u017ee eliminirati suho\u0107u ko\u017ee, omek\u0161ava dlake i smanjuje iritaciju kako bi se postiglo nje\u017eno i u\u010dinkovito uklanjanje dlaka. Gel prije depilacije posjeduje osvje\u017eavaju\u0107u, laganu teksturu koja stvara savr\u0161enu podlogu za depilaciju. Ovaj gel priprema i \u010disti ko\u017eu spremnu za depilaciju te poma\u017ee prilikom ekstrakcije. Omek\u0161ava i hidratizira suhu ko\u017eu kako bi ubla\u017eio nelagodu i za\u0161titio ko\u017eu tijekom uklanjanja dla\u010dica.<\/p>","protected":false},"featured_media":3594,"template":"","meta":[],"product_brand":[],"product_cat":[41,61],"product_tag":[],"class_list":{"0":"post-3524","1":"product","2":"type-product","3":"status-publish","4":"has-post-thumbnail","6":"product_cat-post-depilation-cosmetics","7":"product_cat-preparati-prije-depilacije","9":"first","10":"instock","11":"taxable","12":"shipping-taxable","13":"purchasable","14":"product-type-simple"},"_links":{"self":[{"href":"https:\/\/naturdepil.hr\/en\/wp-json\/wp\/v2\/product\/3524","targetHints":{"allow":["GET"]}}],"collection":[{"href":"https:\/\/naturdepil.hr\/en\/wp-json\/wp\/v2\/product"}],"about":[{"href":"https:\/\/naturdepil.hr\/en\/wp-json\/wp\/v2\/types\/product"}],"wp:featuredmedia":[{"embeddable":true,"href":"https:\/\/naturdepil.hr\/en\/wp-json\/wp\/v2\/media\/3594"}],"wp:attachment":[{"href":"https:\/\/naturdepil.hr\/en\/wp-json\/wp\/v2\/media?parent=3524"}],"wp:term":[{"taxonomy":"product_brand","embeddable":true,"href":"https:\/\/naturdepil.hr\/en\/wp-json\/wp\/v2\/product_brand?post=3524"},{"taxonomy":"product_cat","embeddable":true,"href":"https:\/\/naturdepil.hr\/en\/wp-json\/wp\/v2\/product_cat?post=3524"},{"taxonomy":"product_tag","embeddable":true,"href":"https:\/\/naturdepil.hr\/en\/wp-json\/wp\/v2\/product_tag?post=3524"}],"curies":[{"name":"wp","href":"https:\/\/api.w.org\/{rel}","templated":true}]}}